{"id":4514,"date":"2020-10-20T15:55:13","date_gmt":"2020-10-20T13:55:13","guid":{"rendered":"https:\/\/imperialtours.at\/produkt\/japan-fuer-anfaenger\/"},"modified":"2020-10-20T15:55:13","modified_gmt":"2020-10-20T13:55:13","slug":"japan-fuer-anfaenger","status":"publish","type":"product","link":"https:\/\/imperialtours.at\/en\/produkt\/japan-fuer-anfaenger\/","title":{"rendered":"Japan f\u00fcr Anf\u00e4nger"},"content":{"rendered":"<p>Japan besticht nicht nur durch seine vielseitige Landschaft und kulinarischen Besonderheiten. Sowohl die Sprache als auch Kultur haben so manche T\u00fccken. Mit diesem kleinen Ratgeber m\u00f6chten wir Sie auf humorvolle Art und Weise fit f\u00fcr Ihre Japanreise machen. Viel Spa\u00df beim Lesen!&nbsp;<\/p>\n","protected":false},"excerpt":{"rendered":"<p>\u3053\u3093\u306b\u3061\u306f\uff01 Unser humorvoller Ratgeber f\u00fcr Ihre erste Reise ins Land der aufgehenden Sonne!&nbsp;<\/p>\n","protected":false},"featured_media":4509,"template":"","meta":{"ngg_post_thumbnail":0},"product_brand":[],"product_cat":[60],"product_tag":[],"class_list":{"0":"post-4514","1":"product","2":"type-product","3":"status-publish","4":"has-post-thumbnail","6":"product_cat-reisezubehoer-en","8":"first","9":"instock","10":"shipping-taxable","11":"purchasable","12":"product-type-simple"},"yoast_head":"<!-- This site is optimized with the Yoast SEO plugin v26.1.1 - https:\/\/yoast.com\/wordpress\/plugins\/seo\/ -->\n<title>Japan f\u00fcr Anf\u00e4nger - Imperial Tours<\/title>\n<meta name=\"robots\" content=\"index, follow, max-snippet:-1, max-image-preview:large, max-video-preview:-1\" \/>\n<link rel=\"canonical\" href=\"https:\/\/imperialtours.at\/en\/produkt\/japan-fuer-anfaenger\/\" \/>\n<meta property=\"og:locale\" content=\"en_US\" \/>\n<meta property=\"og:type\" content=\"article\" \/>\n<meta property=\"og:title\" content=\"Japan f\u00fcr Anf\u00e4nger - Imperial Tours\" \/>\n<meta property=\"og:description\" content=\"\u3053\u3093\u306b\u3061\u306f\uff01 Unser humorvoller Ratgeber f\u00fcr Ihre erste Reise ins Land der aufgehenden Sonne!&nbsp;\" \/>\n<meta property=\"og:url\" content=\"https:\/\/imperialtours.at\/en\/produkt\/japan-fuer-anfaenger\/\" \/>\n<meta property=\"og:site_name\" content=\"Imperial Tours\" \/>\n<meta property=\"og:image\" content=\"https:\/\/imperialtours.at\/wp-content\/uploads\/2020\/10\/Titelbild-22Japan-fu\u0308r-Anfa\u0308nger22-16_9.jpg\" \/>\n\t<meta property=\"og:image:width\" content=\"1920\" \/>\n\t<meta property=\"og:image:height\" content=\"1080\" \/>\n\t<meta property=\"og:image:type\" content=\"image\/jpeg\" \/>\n<meta name=\"twitter:card\" content=\"summary_large_image\" \/>\n<script type=\"application\/ld+json\" class=\"yoast-schema-graph\">{\"@context\":\"https:\/\/schema.org\",\"@graph\":[{\"@type\":\"WebPage\",\"@id\":\"https:\/\/imperialtours.at\/en\/produkt\/japan-fuer-anfaenger\/\",\"url\":\"https:\/\/imperialtours.at\/en\/produkt\/japan-fuer-anfaenger\/\",\"name\":\"Japan f\u00fcr Anf\u00e4nger - Imperial Tours\",\"isPartOf\":{\"@id\":\"https:\/\/imperialtours.at\/#website\"},\"primaryImageOfPage\":{\"@id\":\"https:\/\/imperialtours.at\/en\/produkt\/japan-fuer-anfaenger\/#primaryimage\"},\"image\":{\"@id\":\"https:\/\/imperialtours.at\/en\/produkt\/japan-fuer-anfaenger\/#primaryimage\"},\"thumbnailUrl\":\"https:\/\/imperialtours.at\/wp-content\/uploads\/2020\/10\/Titelbild-22Japan-fu\u0308r-Anfa\u0308nger22-16_9.jpg\",\"datePublished\":\"2020-10-20T13:55:13+00:00\",\"breadcrumb\":{\"@id\":\"https:\/\/imperialtours.at\/en\/produkt\/japan-fuer-anfaenger\/#breadcrumb\"},\"inLanguage\":\"en-US\",\"potentialAction\":[{\"@type\":\"ReadAction\",\"target\":[\"https:\/\/imperialtours.at\/en\/produkt\/japan-fuer-anfaenger\/\"]}]},{\"@type\":\"ImageObject\",\"inLanguage\":\"en-US\",\"@id\":\"https:\/\/imperialtours.at\/en\/produkt\/japan-fuer-anfaenger\/#primaryimage\",\"url\":\"https:\/\/imperialtours.at\/wp-content\/uploads\/2020\/10\/Titelbild-22Japan-fu\u0308r-Anfa\u0308nger22-16_9.jpg\",\"contentUrl\":\"https:\/\/imperialtours.at\/wp-content\/uploads\/2020\/10\/Titelbild-22Japan-fu\u0308r-Anfa\u0308nger22-16_9.jpg\",\"width\":1920,\"height\":1080},{\"@type\":\"BreadcrumbList\",\"@id\":\"https:\/\/imperialtours.at\/en\/produkt\/japan-fuer-anfaenger\/#breadcrumb\",\"itemListElement\":[{\"@type\":\"ListItem\",\"position\":1,\"name\":\"Startseite\",\"item\":\"https:\/\/imperialtours.at\/en\/\"},{\"@type\":\"ListItem\",\"position\":2,\"name\":\"Shop\",\"item\":\"https:\/\/imperialtours.at\/en\/shop-2\/\"},{\"@type\":\"ListItem\",\"position\":3,\"name\":\"Japan f\u00fcr Anf\u00e4nger\"}]},{\"@type\":\"WebSite\",\"@id\":\"https:\/\/imperialtours.at\/#website\",\"url\":\"https:\/\/imperialtours.at\/\",\"name\":\"Imperial Tours\",\"description\":\"Imperial Tours\",\"potentialAction\":[{\"@type\":\"SearchAction\",\"target\":{\"@type\":\"EntryPoint\",\"urlTemplate\":\"https:\/\/imperialtours.at\/?s={search_term_string}\"},\"query-input\":{\"@type\":\"PropertyValueSpecification\",\"valueRequired\":true,\"valueName\":\"search_term_string\"}}],\"inLanguage\":\"en-US\"}]}<\/script>\n<!-- \/ Yoast SEO plugin. -->","yoast_head_json":{"title":"Japan f\u00fcr Anf\u00e4nger - Imperial Tours","robots":{"index":"index","follow":"follow","max-snippet":"max-snippet:-1","max-image-preview":"max-image-preview:large","max-video-preview":"max-video-preview:-1"},"canonical":"https:\/\/imperialtours.at\/en\/produkt\/japan-fuer-anfaenger\/","og_locale":"en_US","og_type":"article","og_title":"Japan f\u00fcr Anf\u00e4nger - Imperial Tours","og_description":"\u3053\u3093\u306b\u3061\u306f\uff01 Unser humorvoller Ratgeber f\u00fcr Ihre erste Reise ins Land der aufgehenden Sonne!&nbsp;","og_url":"https:\/\/imperialtours.at\/en\/produkt\/japan-fuer-anfaenger\/","og_site_name":"Imperial Tours","og_image":[{"width":1920,"height":1080,"url":"https:\/\/imperialtours.at\/wp-content\/uploads\/2020\/10\/Titelbild-22Japan-fu\u0308r-Anfa\u0308nger22-16_9.jpg","type":"image\/jpeg"}],"twitter_card":"summary_large_image","schema":{"@context":"https:\/\/schema.org","@graph":[{"@type":"WebPage","@id":"https:\/\/imperialtours.at\/en\/produkt\/japan-fuer-anfaenger\/","url":"https:\/\/imperialtours.at\/en\/produkt\/japan-fuer-anfaenger\/","name":"Japan f\u00fcr Anf\u00e4nger - Imperial Tours","isPartOf":{"@id":"https:\/\/imperialtours.at\/#website"},"primaryImageOfPage":{"@id":"https:\/\/imperialtours.at\/en\/produkt\/japan-fuer-anfaenger\/#primaryimage"},"image":{"@id":"https:\/\/imperialtours.at\/en\/produkt\/japan-fuer-anfaenger\/#primaryimage"},"thumbnailUrl":"https:\/\/imperialtours.at\/wp-content\/uploads\/2020\/10\/Titelbild-22Japan-fu\u0308r-Anfa\u0308nger22-16_9.jpg","datePublished":"2020-10-20T13:55:13+00:00","breadcrumb":{"@id":"https:\/\/imperialtours.at\/en\/produkt\/japan-fuer-anfaenger\/#breadcrumb"},"inLanguage":"en-US","potentialAction":[{"@type":"ReadAction","target":["https:\/\/imperialtours.at\/en\/produkt\/japan-fuer-anfaenger\/"]}]},{"@type":"ImageObject","inLanguage":"en-US","@id":"https:\/\/imperialtours.at\/en\/produkt\/japan-fuer-anfaenger\/#primaryimage","url":"https:\/\/imperialtours.at\/wp-content\/uploads\/2020\/10\/Titelbild-22Japan-fu\u0308r-Anfa\u0308nger22-16_9.jpg","contentUrl":"https:\/\/imperialtours.at\/wp-content\/uploads\/2020\/10\/Titelbild-22Japan-fu\u0308r-Anfa\u0308nger22-16_9.jpg","width":1920,"height":1080},{"@type":"BreadcrumbList","@id":"https:\/\/imperialtours.at\/en\/produkt\/japan-fuer-anfaenger\/#breadcrumb","itemListElement":[{"@type":"ListItem","position":1,"name":"Startseite","item":"https:\/\/imperialtours.at\/en\/"},{"@type":"ListItem","position":2,"name":"Shop","item":"https:\/\/imperialtours.at\/en\/shop-2\/"},{"@type":"ListItem","position":3,"name":"Japan f\u00fcr Anf\u00e4nger"}]},{"@type":"WebSite","@id":"https:\/\/imperialtours.at\/#website","url":"https:\/\/imperialtours.at\/","name":"Imperial Tours","description":"Imperial Tours","potentialAction":[{"@type":"SearchAction","target":{"@type":"EntryPoint","urlTemplate":"https:\/\/imperialtours.at\/?s={search_term_string}"},"query-input":{"@type":"PropertyValueSpecification","valueRequired":true,"valueName":"search_term_string"}}],"inLanguage":"en-US"}]}},"_links":{"self":[{"href":"https:\/\/imperialtours.at\/en\/wp-json\/wp\/v2\/product\/4514","targetHints":{"allow":["GET"]}}],"collection":[{"href":"https:\/\/imperialtours.at\/en\/wp-json\/wp\/v2\/product"}],"about":[{"href":"https:\/\/imperialtours.at\/en\/wp-json\/wp\/v2\/types\/product"}],"wp:featuredmedia":[{"embeddable":true,"href":"https:\/\/imperialtours.at\/en\/wp-json\/wp\/v2\/media\/4509"}],"wp:attachment":[{"href":"https:\/\/imperialtours.at\/en\/wp-json\/wp\/v2\/media?parent=4514"}],"wp:term":[{"taxonomy":"product_brand","embeddable":true,"href":"https:\/\/imperialtours.at\/en\/wp-json\/wp\/v2\/product_brand?post=4514"},{"taxonomy":"product_cat","embeddable":true,"href":"https:\/\/imperialtours.at\/en\/wp-json\/wp\/v2\/product_cat?post=4514"},{"taxonomy":"product_tag","embeddable":true,"href":"https:\/\/imperialtours.at\/en\/wp-json\/wp\/v2\/product_tag?post=4514"}],"curies":[{"name":"wp","href":"https:\/\/api.w.org\/{rel}","templated":true}]}}