{"id":4508,"date":"2020-12-10T16:31:22","date_gmt":"2020-12-10T15:31:22","guid":{"rendered":"https:\/\/imperialtours.at\/produkt\/japan-box-%e6%97%a5%e6%9c%ac%e3%81%ae%e3%83%9c%e3%83%83%e3%82%af%e3%82%b9\/"},"modified":"2022-08-19T12:49:41","modified_gmt":"2022-08-19T10:49:41","slug":"japan-box-%e6%97%a5%e6%9c%ac%e3%81%ae%e3%83%9c%e3%83%83%e3%82%af%e3%82%b9","status":"publish","type":"product","link":"https:\/\/imperialtours.at\/en\/produkt\/japan-box-%e6%97%a5%e6%9c%ac%e3%81%ae%e3%83%9c%e3%83%83%e3%82%af%e3%82%b9\/","title":{"rendered":"Japan Box &#8211; \u65e5\u672c\u306e\u30dc\u30c3\u30af\u30b9"},"content":{"rendered":"<p>Viel Vergn\u00fcgen mit unserer Japan-Box! Diese Auswahl an au\u00dfergew\u00f6hnlichen Goodies ist eine lustige und spannende Geschenkidee und macht Lust auf mehr!&nbsp;<\/p>\n","protected":false},"excerpt":{"rendered":"<p>Unsere Geschenkbox f\u00fcr Japanliebhaber und Alle, die es noch werden wollen!<\/p>\n","protected":false},"featured_media":4509,"template":"","meta":{"ngg_post_thumbnail":0},"product_brand":[],"product_cat":[60],"product_tag":[],"class_list":{"0":"post-4508","1":"product","2":"type-product","3":"status-publish","4":"has-post-thumbnail","6":"product_cat-reisezubehoer-en","8":"first","9":"instock","10":"shipping-taxable","11":"purchasable","12":"product-type-simple"},"yoast_head":"<!-- This site is optimized with the Yoast SEO plugin v26.1.1 - https:\/\/yoast.com\/wordpress\/plugins\/seo\/ -->\n<title>Japan Box - \u65e5\u672c\u306e\u30dc\u30c3\u30af\u30b9 - Imperial Tours<\/title>\n<meta name=\"robots\" content=\"index, follow, max-snippet:-1, max-image-preview:large, max-video-preview:-1\" \/>\n<link rel=\"canonical\" href=\"https:\/\/imperialtours.at\/en\/produkt\/japan-box-\u65e5\u672c\u306e\u30dc\u30c3\u30af\u30b9\/\" \/>\n<meta property=\"og:locale\" content=\"en_US\" \/>\n<meta property=\"og:type\" content=\"article\" \/>\n<meta property=\"og:title\" content=\"Japan Box - \u65e5\u672c\u306e\u30dc\u30c3\u30af\u30b9 - Imperial Tours\" \/>\n<meta property=\"og:description\" content=\"Unsere Geschenkbox f\u00fcr Japanliebhaber und Alle, die es noch werden wollen!\" \/>\n<meta property=\"og:url\" content=\"https:\/\/imperialtours.at\/en\/produkt\/japan-box-\u65e5\u672c\u306e\u30dc\u30c3\u30af\u30b9\/\" \/>\n<meta property=\"og:site_name\" content=\"Imperial Tours\" \/>\n<meta property=\"article:modified_time\" content=\"2022-08-19T10:49:41+00:00\" \/>\n<meta property=\"og:image\" content=\"https:\/\/imperialtours.at\/wp-content\/uploads\/2020\/10\/Titelbild-22Japan-fu\u0308r-Anfa\u0308nger22-16_9.jpg\" \/>\n\t<meta property=\"og:image:width\" content=\"1920\" \/>\n\t<meta property=\"og:image:height\" content=\"1080\" \/>\n\t<meta property=\"og:image:type\" content=\"image\/jpeg\" \/>\n<meta name=\"twitter:card\" content=\"summary_large_image\" \/>\n<script type=\"application\/ld+json\" class=\"yoast-schema-graph\">{\"@context\":\"https:\/\/schema.org\",\"@graph\":[{\"@type\":\"WebPage\",\"@id\":\"https:\/\/imperialtours.at\/en\/produkt\/japan-box-%e6%97%a5%e6%9c%ac%e3%81%ae%e3%83%9c%e3%83%83%e3%82%af%e3%82%b9\/\",\"url\":\"https:\/\/imperialtours.at\/en\/produkt\/japan-box-%e6%97%a5%e6%9c%ac%e3%81%ae%e3%83%9c%e3%83%83%e3%82%af%e3%82%b9\/\",\"name\":\"Japan Box - \u65e5\u672c\u306e\u30dc\u30c3\u30af\u30b9 - Imperial Tours\",\"isPartOf\":{\"@id\":\"https:\/\/imperialtours.at\/#website\"},\"primaryImageOfPage\":{\"@id\":\"https:\/\/imperialtours.at\/en\/produkt\/japan-box-%e6%97%a5%e6%9c%ac%e3%81%ae%e3%83%9c%e3%83%83%e3%82%af%e3%82%b9\/#primaryimage\"},\"image\":{\"@id\":\"https:\/\/imperialtours.at\/en\/produkt\/japan-box-%e6%97%a5%e6%9c%ac%e3%81%ae%e3%83%9c%e3%83%83%e3%82%af%e3%82%b9\/#primaryimage\"},\"thumbnailUrl\":\"https:\/\/imperialtours.at\/wp-content\/uploads\/2020\/10\/Titelbild-22Japan-fu\u0308r-Anfa\u0308nger22-16_9.jpg\",\"datePublished\":\"2020-12-10T15:31:22+00:00\",\"dateModified\":\"2022-08-19T10:49:41+00:00\",\"breadcrumb\":{\"@id\":\"https:\/\/imperialtours.at\/en\/produkt\/japan-box-%e6%97%a5%e6%9c%ac%e3%81%ae%e3%83%9c%e3%83%83%e3%82%af%e3%82%b9\/#breadcrumb\"},\"inLanguage\":\"en-US\",\"potentialAction\":[{\"@type\":\"ReadAction\",\"target\":[\"https:\/\/imperialtours.at\/en\/produkt\/japan-box-%e6%97%a5%e6%9c%ac%e3%81%ae%e3%83%9c%e3%83%83%e3%82%af%e3%82%b9\/\"]}]},{\"@type\":\"ImageObject\",\"inLanguage\":\"en-US\",\"@id\":\"https:\/\/imperialtours.at\/en\/produkt\/japan-box-%e6%97%a5%e6%9c%ac%e3%81%ae%e3%83%9c%e3%83%83%e3%82%af%e3%82%b9\/#primaryimage\",\"url\":\"https:\/\/imperialtours.at\/wp-content\/uploads\/2020\/10\/Titelbild-22Japan-fu\u0308r-Anfa\u0308nger22-16_9.jpg\",\"contentUrl\":\"https:\/\/imperialtours.at\/wp-content\/uploads\/2020\/10\/Titelbild-22Japan-fu\u0308r-Anfa\u0308nger22-16_9.jpg\",\"width\":1920,\"height\":1080},{\"@type\":\"BreadcrumbList\",\"@id\":\"https:\/\/imperialtours.at\/en\/produkt\/japan-box-%e6%97%a5%e6%9c%ac%e3%81%ae%e3%83%9c%e3%83%83%e3%82%af%e3%82%b9\/#breadcrumb\",\"itemListElement\":[{\"@type\":\"ListItem\",\"position\":1,\"name\":\"Startseite\",\"item\":\"https:\/\/imperialtours.at\/en\/\"},{\"@type\":\"ListItem\",\"position\":2,\"name\":\"Shop\",\"item\":\"https:\/\/imperialtours.at\/en\/shop-2\/\"},{\"@type\":\"ListItem\",\"position\":3,\"name\":\"Japan Box &#8211; \u65e5\u672c\u306e\u30dc\u30c3\u30af\u30b9\"}]},{\"@type\":\"WebSite\",\"@id\":\"https:\/\/imperialtours.at\/#website\",\"url\":\"https:\/\/imperialtours.at\/\",\"name\":\"Imperial Tours\",\"description\":\"Imperial Tours\",\"potentialAction\":[{\"@type\":\"SearchAction\",\"target\":{\"@type\":\"EntryPoint\",\"urlTemplate\":\"https:\/\/imperialtours.at\/?s={search_term_string}\"},\"query-input\":{\"@type\":\"PropertyValueSpecification\",\"valueRequired\":true,\"valueName\":\"search_term_string\"}}],\"inLanguage\":\"en-US\"}]}<\/script>\n<!-- \/ Yoast SEO plugin. -->","yoast_head_json":{"title":"Japan Box - \u65e5\u672c\u306e\u30dc\u30c3\u30af\u30b9 - Imperial Tours","robots":{"index":"index","follow":"follow","max-snippet":"max-snippet:-1","max-image-preview":"max-image-preview:large","max-video-preview":"max-video-preview:-1"},"canonical":"https:\/\/imperialtours.at\/en\/produkt\/japan-box-\u65e5\u672c\u306e\u30dc\u30c3\u30af\u30b9\/","og_locale":"en_US","og_type":"article","og_title":"Japan Box - \u65e5\u672c\u306e\u30dc\u30c3\u30af\u30b9 - Imperial Tours","og_description":"Unsere Geschenkbox f\u00fcr Japanliebhaber und Alle, die es noch werden wollen!","og_url":"https:\/\/imperialtours.at\/en\/produkt\/japan-box-\u65e5\u672c\u306e\u30dc\u30c3\u30af\u30b9\/","og_site_name":"Imperial Tours","article_modified_time":"2022-08-19T10:49:41+00:00","og_image":[{"width":1920,"height":1080,"url":"https:\/\/imperialtours.at\/wp-content\/uploads\/2020\/10\/Titelbild-22Japan-fu\u0308r-Anfa\u0308nger22-16_9.jpg","type":"image\/jpeg"}],"twitter_card":"summary_large_image","schema":{"@context":"https:\/\/schema.org","@graph":[{"@type":"WebPage","@id":"https:\/\/imperialtours.at\/en\/produkt\/japan-box-%e6%97%a5%e6%9c%ac%e3%81%ae%e3%83%9c%e3%83%83%e3%82%af%e3%82%b9\/","url":"https:\/\/imperialtours.at\/en\/produkt\/japan-box-%e6%97%a5%e6%9c%ac%e3%81%ae%e3%83%9c%e3%83%83%e3%82%af%e3%82%b9\/","name":"Japan Box - \u65e5\u672c\u306e\u30dc\u30c3\u30af\u30b9 - Imperial Tours","isPartOf":{"@id":"https:\/\/imperialtours.at\/#website"},"primaryImageOfPage":{"@id":"https:\/\/imperialtours.at\/en\/produkt\/japan-box-%e6%97%a5%e6%9c%ac%e3%81%ae%e3%83%9c%e3%83%83%e3%82%af%e3%82%b9\/#primaryimage"},"image":{"@id":"https:\/\/imperialtours.at\/en\/produkt\/japan-box-%e6%97%a5%e6%9c%ac%e3%81%ae%e3%83%9c%e3%83%83%e3%82%af%e3%82%b9\/#primaryimage"},"thumbnailUrl":"https:\/\/imperialtours.at\/wp-content\/uploads\/2020\/10\/Titelbild-22Japan-fu\u0308r-Anfa\u0308nger22-16_9.jpg","datePublished":"2020-12-10T15:31:22+00:00","dateModified":"2022-08-19T10:49:41+00:00","breadcrumb":{"@id":"https:\/\/imperialtours.at\/en\/produkt\/japan-box-%e6%97%a5%e6%9c%ac%e3%81%ae%e3%83%9c%e3%83%83%e3%82%af%e3%82%b9\/#breadcrumb"},"inLanguage":"en-US","potentialAction":[{"@type":"ReadAction","target":["https:\/\/imperialtours.at\/en\/produkt\/japan-box-%e6%97%a5%e6%9c%ac%e3%81%ae%e3%83%9c%e3%83%83%e3%82%af%e3%82%b9\/"]}]},{"@type":"ImageObject","inLanguage":"en-US","@id":"https:\/\/imperialtours.at\/en\/produkt\/japan-box-%e6%97%a5%e6%9c%ac%e3%81%ae%e3%83%9c%e3%83%83%e3%82%af%e3%82%b9\/#primaryimage","url":"https:\/\/imperialtours.at\/wp-content\/uploads\/2020\/10\/Titelbild-22Japan-fu\u0308r-Anfa\u0308nger22-16_9.jpg","contentUrl":"https:\/\/imperialtours.at\/wp-content\/uploads\/2020\/10\/Titelbild-22Japan-fu\u0308r-Anfa\u0308nger22-16_9.jpg","width":1920,"height":1080},{"@type":"BreadcrumbList","@id":"https:\/\/imperialtours.at\/en\/produkt\/japan-box-%e6%97%a5%e6%9c%ac%e3%81%ae%e3%83%9c%e3%83%83%e3%82%af%e3%82%b9\/#breadcrumb","itemListElement":[{"@type":"ListItem","position":1,"name":"Startseite","item":"https:\/\/imperialtours.at\/en\/"},{"@type":"ListItem","position":2,"name":"Shop","item":"https:\/\/imperialtours.at\/en\/shop-2\/"},{"@type":"ListItem","position":3,"name":"Japan Box &#8211; \u65e5\u672c\u306e\u30dc\u30c3\u30af\u30b9"}]},{"@type":"WebSite","@id":"https:\/\/imperialtours.at\/#website","url":"https:\/\/imperialtours.at\/","name":"Imperial Tours","description":"Imperial Tours","potentialAction":[{"@type":"SearchAction","target":{"@type":"EntryPoint","urlTemplate":"https:\/\/imperialtours.at\/?s={search_term_string}"},"query-input":{"@type":"PropertyValueSpecification","valueRequired":true,"valueName":"search_term_string"}}],"inLanguage":"en-US"}]}},"_links":{"self":[{"href":"https:\/\/imperialtours.at\/en\/wp-json\/wp\/v2\/product\/4508","targetHints":{"allow":["GET"]}}],"collection":[{"href":"https:\/\/imperialtours.at\/en\/wp-json\/wp\/v2\/product"}],"about":[{"href":"https:\/\/imperialtours.at\/en\/wp-json\/wp\/v2\/types\/product"}],"wp:featuredmedia":[{"embeddable":true,"href":"https:\/\/imperialtours.at\/en\/wp-json\/wp\/v2\/media\/4509"}],"wp:attachment":[{"href":"https:\/\/imperialtours.at\/en\/wp-json\/wp\/v2\/media?parent=4508"}],"wp:term":[{"taxonomy":"product_brand","embeddable":true,"href":"https:\/\/imperialtours.at\/en\/wp-json\/wp\/v2\/product_brand?post=4508"},{"taxonomy":"product_cat","embeddable":true,"href":"https:\/\/imperialtours.at\/en\/wp-json\/wp\/v2\/product_cat?post=4508"},{"taxonomy":"product_tag","embeddable":true,"href":"https:\/\/imperialtours.at\/en\/wp-json\/wp\/v2\/product_tag?post=4508"}],"curies":[{"name":"wp","href":"https:\/\/api.w.org\/{rel}","templated":true}]}}