{"id":4043,"date":"2020-06-16T13:47:37","date_gmt":"2020-06-16T13:47:37","guid":{"rendered":"https:\/\/imperialtours.at\/?page_id=4043"},"modified":"2020-06-16T13:47:37","modified_gmt":"2020-06-16T13:47:37","slug":"imprint-and-privacy-policy","status":"publish","type":"page","link":"https:\/\/imperialtours.at\/en\/imprint-and-privacy-policy\/","title":{"rendered":"Imprint and Privacy policy"},"content":{"rendered":"<h2>Imprint &amp; Privacy policy<\/h2>\n<h3>Imprint<\/h3>\n<p><strong>Imperial Tours &amp; Events<\/strong><br \/>\nPaul Tupy<br \/>\nSchelleingasse 10\/2<br \/>\nA-1040 Wien<br \/>\nAustria<\/p>\n<p><a href=\"https:\/\/www.wkoecg.at\/ecg.aspx?firmaid=bb376103-5657-447d-83f1-67fd574970c1&amp;_ga=2.216967190.148853088.1587580669-747034374.1586611082\" target=\"_blank\" rel=\"noopener noreferrer\"><img decoding=\"async\" class=\"alignleft wp-image-3199 size-full\" src=\"https:\/\/imperialtours.at\/wp-content\/uploads\/2020\/05\/thumbnail_WKO-Button-Webseite.png\" alt=\"WKO Button auf die Webseite\" width=\"169\" height=\"23\"><\/a><\/p>\n<h3>&nbsp;<\/h3>\n<h3>Datenschutz<\/h3>\n<p>GEM\u00c4SS ART. 13 &amp; 14 DER DSGVO<\/p>\n<h4>Rechtliche Informationen<\/h4>\n<p>Wir m\u00f6chten Sie entsprechend unserer gesetzlichen Verpflichtung \u00fcber die Erhebung und Verwendung Ihrer personenbezogenen Daten informieren.<\/p>\n<h4>Verantwortlicher<\/h4>\n<p>Paul Tupy<br \/>\nSchelleingasse 10\/2<br \/>\nA-1040 Wien<\/p>\n<p>Es ist kein Datenschutzbeauftragter bestellt, da dies gesetzlich nicht notwendig ist.<\/p>\n<h4>Zweck der Datenverarbeitung<\/h4>\n<p>Abwicklung von Kundenanfragen und -auftr\u00e4gen, PR-Arbeit, Organisation &amp; Durchf\u00fchrung von Dienstleistungen<\/p>\n<p>Generelle kaufm\u00e4nnische Gesch\u00e4ftst\u00e4tigkeiten, wie z.B. Gesch\u00e4ftsabwicklung und Rechnungswesen<\/p>\n<h4>KURZFASSUNG: INTERAKTIONEN<\/h4>\n<p>Soweit auf unserer Seite personenbezogene Daten der Nutzer (beispielsweise Name und E-Mail-Adressen) erhoben werden, erfolgt dies stets auf freiwilliger Basis.<\/p>\n<p>Wir werden, die von Ihnen gemachten Angaben, zu dem Zweck verwenden, zu dem wir Sie erhoben haben.<\/p>\n<p>Wir werden Ihre Daten l\u00f6schen, soweit dies nach g\u00fcltiger Rechtslage zul\u00e4ssig oder erforderlich ist, die Speicherung f\u00fcr die Nutzung unserer Webseite und unsere Angebote nicht mehr erforderlich ist oder Sie die L\u00f6schung w\u00fcnschen.<\/p>\n<p>Ihre Daten werden ohne Ihre ausdr\u00fcckliche Zustimmung nicht an Dritte weitergegeben.<\/p>\n<p>Wir weisen darauf hin, dass die Daten\u00fcbertragung im Internet (z.B. bei der Kommunikation per E-Mail) Sicherheitsl\u00fccken aufweisen kann. Ein l\u00fcckenloser Schutz der Daten vor dem Zugriff durch unberechtigte Dritte (Hacker) ist nie g\u00e4nzlich auszuschlie\u00dfen.<\/p>\n<h4>Rechtsgrundlage der Verarbeitung der Daten<\/h4>\n<p>Die Datenverarbeitung erfolgt auf Basis der gesetzlichen Bestimmungen:<\/p>\n<p>\u00a7\u00a7 96 Abs 3 und 107 TKG<\/p>\n<p>DSGVO<\/p>\n<p>Art 6 Abs 1 lit a (Einwilligung),<\/p>\n<p>Art 6 Abs 1 lit b (notwendig zur Vertragserf\u00fcllung),<\/p>\n<p>Art 6 Abs 1 lit c (gesetzliche Verpflichtungen z.B. nach der BAO und dem UGB), sowie<\/p>\n<p>Art 6 Abs 1 lit d (berechtigte Interessen des Verantwortlichen)<\/p>\n<h4>Empf\u00e4ngerkategorien<\/h4>\n<p>Datenverarbeitung in eigenen Angelegenheiten<\/p>\n<p>Banken (Zahlungsverkehr)<\/p>\n<p>Steuerberater (Rechnungslegung)<\/p>\n<p>Gerichte, Verwaltungsbeh\u00f6rden, sonstige Beh\u00f6rden, Statistik Austria, Versicherungsanstalten (z.B. Haftpflichtversicherung)<\/p>\n<p>Provider und IT- Dienstleister, die f\u00fcr Werbung\/Marketing eingesetzt werden sowie Kooperations- und Gesch\u00e4ftspartner<\/p>\n<p>Es werden keine Daten an Dritte zu gewerblichen Zwecken verkauft oder weitergegeben.<\/p>\n<h4>Folgende Datenkategorien werden verarbeitet<\/h4>\n<p>Kontaktdaten von KundInnen, LieferantInnen und sonstige an der Leistungserstellung beteiligter Dritter, sowie deren Kontaktpersonen, in den jeweiligen Unternehmen:<\/p>\n<p>Vor- und Nachname, Telefonnummer, e-mail Adresse, Postanschrift,<\/p>\n<p>Firmendaten wie z.B. UID Nummer, Kontodaten, Inhalt des Auftrages (z.B. Angebot, Forderung, Rechnungs- und F\u00e4lligkeitsdaten, Leistungsdaten etc.)&nbsp;von der Organisation vergebenes Kennzeichen (laufende Nummer bzw. Kurzbezeichnung), Daten, die der Vertragsabwicklung und Leistungserstellung dienen (z.B. Kundenw\u00fcnsche)<\/p>\n<h4>Herkunft der Daten<\/h4>\n<ul>\n<li>\u00d6ffentlich verf\u00fcgbare Daten (Firmenbuch, Kontaktdaten aus Homepage oder \u00f6ffentlichen Verzeichnissen, wie Telefonbuch \u2026)<\/li>\n<li>Aufbau einer Marketingdatenbank f\u00fcr eigene Zwecke,B. Anfragen \u00fcber meine Webseite<\/li>\n<li>Weiterempfehlungen von bestehenden Kunden<\/li>\n<li>Kundenanfragen \u00fcber unsere Hotline<\/li>\n<\/ul>\n<h5><strong>Art der Informationserteilung gem. Art 14 DSGVO<\/strong><\/h5>\n<p>Die Informationserteilung iSd Art 14 DSGVO erfolgt im Rahmen der erstmaligen Verwendung der Daten, jedoch l\u00e4ngstens binnen 1 Monat nach Erhebung (eine Offenlegung der Daten an Dritte ist nicht vorgesehen); der Hinweis auf die Datenschutz-Information ist in der Email-Signatur enthalten, sodass dritte Personen&nbsp;beim Erstkontakt die Information erhalten.<\/p>\n<h5><strong>\u00dcbermittlung an Empf\u00e4nger in Drittl\u00e4ndern<\/strong><\/h5>\n<p>Die Daten aus der Verarbeitungst\u00e4tigkeit,&nbsp;Marketingaktivit\u00e4ten werden \u00fcblicherweise nicht an Empf\u00e4nger in Drittl\u00e4ndern \u00fcbermittelt.<\/p>\n<h4>Speicherdauer &amp; L\u00f6schfristen<\/h4>\n<p>Generelle Speicherfrist:<\/p>\n<p>Grunds\u00e4tzlich werden die Daten, die f\u00fcr die Gesch\u00e4ftsabwicklung und Rechnungswesen nach dem Ende des 7. (siebenten) Jahres nach Verbuchung des letzten Beleges in Bezug auf den gef\u00fchrten Akt gel\u00f6scht; Aufbewahrungsfrist nach \u00a7 132 BAO<\/p>\n<h5>Marketingdaten:<\/h5>\n<p>Marketingdaten werden 3 Jahre nach dem letzten Kontakt aufbewahrt<\/p>\n<p>Gesetzliche\/rechtliche Aufbewahrungspflichten oder vertragliche Verpflichtungen<\/p>\n<p>z.B. gegen\u00fcber Kunden aus Gew\u00e4hrleistung oder Schadenersatz oder gegen\u00fcber Vertragspartnern sind eine Grundlage die personenbezogenen Daten weiterhin zu speichern. (Art 6 Abs 1 lit c DSGVO \u2013 Grundlage der Rechtm\u00e4\u00dfigkeit der Verarbeitung: gesetzliche \/ rechtliche Verpflichtung)<\/p>\n<p>Die Daten d\u00fcrfen nur in einer Form gespeichert werden, die die Identifizierung der betroffenen Personen nur so lange erm\u00f6glicht, wie es f\u00fcr die Zwecke, f\u00fcr die sie verarbeitet werden, erforderlich ist;<\/p>\n<p>personenbezogene Daten d\u00fcrfen l\u00e4nger gespeichert werden, soweit die personenbezogenen Daten vorbehaltlich der Durchf\u00fchrung geeigneter technischer und organisatorischer Ma\u00dfnahmen, die von dieser Verordnung zum Schutz der Rechte und Freiheiten der betroffenen Person gefordert werden, ausschlie\u00dflich f\u00fcr im \u00f6ffentlichen Interesse liegende Archivzwecke oder f\u00fcr wissenschaftliche und historische Forschungszwecke oder f\u00fcr statistische Zwecke gem\u00e4\u00df Art 89 Abs 1 DSGVO verarbeitet werden (\u201eSpeicherbegrenzung\u201c); (siehe Art 5 Abs 1 lit e DSGVO).<\/p>\n<h4>Rechte der betroffenen Personen<\/h4>\n<p>Diese Rechte dienen der Transparenz der Verarbeitung der personenbezogenen Daten. Die betroffene Person kann sich zu jeder Zeit informieren wer, an wen, wie, auf welche Art und Weise und weshalb Daten verarbeitet werden.<\/p>\n<h5>Auskunftsrecht<\/h5>\n<p>Sie haben jederzeit das Recht auf unentgeltliche Auskunft \u00fcber Ihre gespeicherten personenbezogenen Daten, deren Herkunft und Empf\u00e4nger und den Zweck der Datenverarbeitung, sowie folgende Rechte, auf:<\/p>\n<ul>\n<li>Berichtigung<\/li>\n<li>L\u00f6schung bzw. Vergessenwerden<\/li>\n<li>Einschr\u00e4nkung der Verarbeitung<\/li>\n<li>Widerspruchsrecht gegen die Verarbeitung (nur bei berechtigtem Interesse)<\/li>\n<li>Recht auf Daten\u00fcbertragbarkeit<\/li>\n<li>Beschwerderecht bei der&nbsp;<a href=\"http:\/\/www.dsb.gv.at\/\">Aufsichtsbeh\u00f6rde<\/a><\/li>\n<li>Wenn die Verarbeitung auf der Einwilligung beruht, haben Sie das Recht die Einwilligung jederzeit zu widerrufen (Marketing f\u00fcr eigene Zwecke); der Widerruf ber\u00fchrt die Rechtm\u00e4\u00dfigkeit der aufgrund der Einwilligung bis zum Widerruf erfolgten Verarbeitung nicht<\/li>\n<\/ul>\n<p>Sie k\u00f6nnen Ihre Rechte durch ein Email an office@juergen-schmid.at, durch pers\u00f6nliche Kontaktaufnahme (z.B. per Telefon) oder durch eine Mitteilung per Post, sowie auch \u00fcber das Kontaktformular der Website wahrnehmen.<\/p>\n<p>Dabei m\u00fcssen Sie sich identifizieren bzw. zur Identifikation beitragen.<\/p>\n<h4>WEITERE INFORMATIONEN ZUM DATENSCHUTZ<\/h4>\n<p>Die Betreiber dieser Seiten nehmen den Schutz Ihrer pers\u00f6nlichen Daten sehr ernst. Wir behandeln Ihre personenbezogenen Daten vertraulich und entsprechend der gesetzlichen Datenschutzvorschriften (DSGVO).<\/p>\n<p>Dies setzt entweder eine gesetzliche Erlaubnis oder Ihre Einwilligung voraus. Eine gesetzliche Erlaubnis liegt insbesondere f\u00fcr Bestands- und Nutzungsdaten vor. Sofern wir Ihre Einwilligung zu einer weiteren Nutzung von Daten einholen, werden wir Sie im Einzelnen dar\u00fcber unterrichten, wie ihre Daten genutzt werden. Die Nutzung unserer Webseite ist in der Regel ohne Angabe personenbezogener Daten m\u00f6glich.<\/p>\n<h4>\u00c4nderung der Datenschutzerkl\u00e4rung<\/h4>\n<p>Sofern einmal eine \u00c4nderung der Datenschutzerkl\u00e4rung erforderlich wird, werden wir diese Seite entsprechend aktualisieren.<\/p>\n<h4>Cookies<\/h4>\n<p>Unsere Webseite benutzt Cookies, damit unser Angebot nutzerfreundlicher, effektiver und sicherer genutzt werden kann. Cookies sind Textdateien, die auf Ihrem Computer gespeichert werden und bestimmte Daten \u00fcber ihr Nutzerverhalten auf unserer Seite speichern.<\/p>\n<p>Dabei kann es sich einerseits um sogenannte \u201eSession-Cookies\u201c handeln, die zum Ende Ihres Besuches auf unserer Webseite automatisch gel\u00f6scht werden.<\/p>\n<p>Es gibt aber auch Cookies, die dauerhaft auf ihrem Computer gespeichert werden, sofern Sie diese nicht l\u00f6schen. Dann ist es uns m\u00f6glich, Ihren Browser beim n\u00e4chsten Aufruf unserer Webseite wieder zu erkennen und Ihnen Angebote zu machen die ihrer bisherigen Nutzung unserer Webseite entsprechen.<\/p>\n<p>Ihr Browser erm\u00f6glicht Ihnen, die Verwendung von Cookies ganz oder im Einzelfall zu verhindern. Bitte informieren Sie sich dazu in der Bedienungsanleitung f\u00fcr Ihren Browser.<\/p>\n<p>Die Sperrung von Cookies kann die Funktion unserer und anderer von Ihnen besuchter Webseiten einschr\u00e4nken.<\/p>\n<div class=\"left\" data-borlabs-cookie-wrap=\"inline\">\n<div data-borlabs-cookie=\"\">\n<h5 class=\"borlabsCookieHeadline\">COOKIE-PR\u00c4FERENZ<\/h5>\n<div data-borlabs-selection=\"\">\n<p class=\"borlabsCookieExplanation\">Bitte treffen Sie eine Auswahl. Weitere Informationen zu den Auswirkungen Ihrer Auswahl finden Sie unter&nbsp;<span data-borlabs-cookie-help-link=\"\">Hilfe<\/span>.&nbsp;<a href=\"https:\/\/juergen-schmidt.at\/datenschutz\/\">Datenschutz<\/a>&nbsp;|&nbsp;<a href=\"https:\/\/juergen-schmidt.at\/impressum\/\">Impressum<\/a><\/p>\n<div data-borlabs-selection-list=\"\">\n<ul>\n<li><label for=\"borlabsCookieInlineOptionAll\"><input id=\"borlabsCookieInlineOptionAll\" name=\"cookieOption\" type=\"radio\" value=\"all\">Cookies zulassen<\/label><\/li>\n<li><label for=\"borlabsCookieInlineOptionFirstParty\"><input id=\"borlabsCookieInlineOptionFirstParty\" name=\"cookieOption\" type=\"radio\" value=\"first-party\">Nur First-Party-Cookies zulassen<\/label><\/li>\n<li><label for=\"borlabsCookieInlineOptionRejectAll\"><input id=\"borlabsCookieInlineOptionRejectAll\" name=\"cookieOption\" type=\"radio\" value=\"reject-all\">Notwendige Cookies zulassen<\/label><\/li>\n<\/ul>\n<\/div>\n<\/div>\n<\/div>\n<\/div>\n<h4>Server-Log-Files<\/h4>\n<p>(Zugriffsstatistik)<\/p>\n<p>Der Provider der Seiten erhebt und speichert automatisch Informationen bei jeder Nutzung dieser Webseite in so genannten Server-Log Files, die Ihr Browser automatisch an uns \u00fcbermittelt.<\/p>\n<p>Dies sind: z.B. IP-Adresse, Browsertyp\/ Browserversion, verwendetes Betriebssystem, Seite von der aus Sie unsere Seite besucht haben, Hostname des zugreifenden Rechners, Uhrzeit der Serveranfrage.<\/p>\n<p>Diese Daten sind nicht bestimmten Personen zuordenbar und erm\u00f6glichen keine Identifikation unserer Nutzer. Eine Zusammenf\u00fchrung dieser Daten mit anderen Datenquellen wird nicht vorgenommen. Diese Daten werden nur f\u00fcr statistische Zwecke verwendet. Wir behalten uns vor, diese Daten nachtr\u00e4glich zu pr\u00fcfen, wenn uns konkrete Anhaltspunkte f\u00fcr eine rechtswidrige Nutzung bekannt werden.<\/p>\n<h4>Datenschutzerkl\u00e4rung Google Analytics<\/h4>\n<p>Wir verwenden Google Analytics von Google Inc., 1600 Amphitheatre Parkway, Mountain View, CA 94.043 USA. Dies ist ein Tool, mit dem die Nutzung von Webseiten analysiert werden kann. Dazu werden von Google verschiedene Techniken angewandt, unter anderem auch Cookies auf ihrem Computer gespeichert. Diese speichern Informationen \u00fcber die Nutzung unserer Seite, die wir zur Verbesserung unseres Angebotes einsetzen.<\/p>\n<p>Die von Google erhobenen Daten werden gegebenenfalls von Google in Staaten au\u00dferhalb der EU, insbesondere die USA, \u00fcbermittelt. Google hat sich jedoch dem Privacy Shield Framework unterworfen, n\u00e4here Informationen zu Ihren Rechten daraus finden Sie unter<\/p>\n<p><a href=\"http:\/\/ec.europa.eu\/justice\/data-protection\/document\/citizens-guide_en.pdf\">http:\/\/ec.europa.eu\/justice\/data-protection\/document\/citizens-guide_en.pdf<\/a><\/p>\n<p>Entsprechend der Vorgaben der Datenschutzbeh\u00f6rde haben wir jedoch Schritte unternommen, um einen angemessenen Schutz ihrer Daten m\u00f6glichst sicherzustellen. So haben wir daf\u00fcr gesorgt, dass Ihre IP-Adresse vor der \u00dcbertragung an Google anonymisiert wird. Dies erfolgte durch Aktivierung der Funktion Anonymizelp() innerhalb des Google Analytics Tracking Codes.<\/p>\n<p>Weiter haben wir mit Google einen Vertrag zur Auftragsdatenverarbeitung geschlossen, wonach Google Ihre Daten nicht mit anderen von Google erhobenen Daten zusammenf\u00fchren wird, um Ihre Identit\u00e4t zu ermitteln.<\/p>\n<p>Sofern Ihnen dies nicht ausreicht, k\u00f6nnen sie dar\u00fcber hinaus unter dem Link&nbsp;<a href=\"http:\/\/tools.google.com\/dlpage\/gaoptout?hl=de\">http:\/\/tools.google.com\/dlpage\/gaoptout?hl=de&nbsp;<\/a>das Browser-Plugin von Google zur Sperrung von Google Analytics herunterladen und installieren, womit die Erfassung und Weitergabe ihrer personenbezogenen Daten durch Google blockiert wird.<\/p>\n<p>Ebenso k\u00f6nnen Sie die Erfassung durch Google Analytics verhindern, indem sie durch Bet\u00e4tigung des nachfolgenden Links:&nbsp;<a href=\"https:\/\/tools.google.com\/dlpage\/gaoptout?hl=de\">Google Analytics deaktivieren<\/a>&nbsp;einen Opt-Out-Cookie setzen, der ebenfalls in die Erfassung ihrer Daten verhindert.<\/p>\n<p>Wenn Sie sich \u00fcber die Vorkehrungen von Google zum Datenschutz informieren m\u00f6chten, benutzen Sie bitte den folgenden Link:&nbsp;<a href=\"https:\/\/www.google.de\/intl\/de\/policies\/privacy\/\">https:\/\/www.google.de\/intl\/de\/policies\/privacy\/<\/a><\/p>\n","protected":false},"excerpt":{"rendered":"<p>Imprint &amp; Privacy policy Imprint Imperial Tours &amp; Events Paul Tupy Schelleingasse 10\/2 A-1040 Wien Austria &nbsp; Datenschutz GEM\u00c4SS ART. 13 &amp; 14 DER DSGVO Rechtliche Informationen Wir m\u00f6chten Sie entsprechend unserer gesetzlichen Verpflichtung \u00fcber die Erhebung und Verwendung Ihrer personenbezogenen Daten informieren. Verantwortlicher Paul Tupy Schelleingasse 10\/2 A-1040 Wien Es ist kein Datenschutzbeauftragter bestellt, [&#8230;]\n","protected":false},"author":1,"featured_media":0,"parent":0,"menu_order":0,"comment_status":"closed","ping_status":"closed","template":"","meta":{"ngg_post_thumbnail":0,"footnotes":""},"class_list":["post-4043","page","type-page","status-publish","hentry"],"yoast_head":"<!-- This site is optimized with the Yoast SEO plugin v26.1.1 - https:\/\/yoast.com\/wordpress\/plugins\/seo\/ -->\n<title>Imprint and Privacy policy<\/title>\n<meta name=\"robots\" content=\"index, follow, max-snippet:-1, max-image-preview:large, max-video-preview:-1\" \/>\n<link rel=\"canonical\" href=\"https:\/\/imperialtours.at\/en\/imprint-and-privacy-policy\/\" \/>\n<meta property=\"og:locale\" content=\"en_US\" \/>\n<meta property=\"og:type\" content=\"article\" \/>\n<meta property=\"og:title\" content=\"Imprint and Privacy policy\" \/>\n<meta property=\"og:description\" content=\"Imprint &amp; Privacy policy Imprint Imperial Tours &amp; Events Paul Tupy Schelleingasse 10\/2 A-1040 Wien Austria &nbsp; Datenschutz GEM\u00c4SS ART. 13 &amp; 14 DER DSGVO Rechtliche Informationen Wir m\u00f6chten Sie entsprechend unserer gesetzlichen Verpflichtung \u00fcber die Erhebung und Verwendung Ihrer personenbezogenen Daten informieren. Verantwortlicher Paul Tupy Schelleingasse 10\/2 A-1040 Wien Es ist kein Datenschutzbeauftragter bestellt, [...]\" \/>\n<meta property=\"og:url\" content=\"https:\/\/imperialtours.at\/en\/imprint-and-privacy-policy\/\" \/>\n<meta property=\"og:site_name\" content=\"Imperial Tours\" \/>\n<meta property=\"og:image\" content=\"https:\/\/imperialtours.at\/wp-content\/uploads\/2020\/05\/thumbnail_WKO-Button-Webseite.png\" \/>\n<meta name=\"twitter:card\" content=\"summary_large_image\" \/>\n<meta name=\"twitter:label1\" content=\"Est. reading time\" \/>\n\t<meta name=\"twitter:data1\" content=\"8 minutes\" \/>\n<script type=\"application\/ld+json\" class=\"yoast-schema-graph\">{\"@context\":\"https:\/\/schema.org\",\"@graph\":[{\"@type\":\"WebPage\",\"@id\":\"https:\/\/imperialtours.at\/en\/imprint-and-privacy-policy\/\",\"url\":\"https:\/\/imperialtours.at\/en\/imprint-and-privacy-policy\/\",\"name\":\"Imprint and Privacy policy\",\"isPartOf\":{\"@id\":\"https:\/\/imperialtours.at\/#website\"},\"primaryImageOfPage\":{\"@id\":\"https:\/\/imperialtours.at\/en\/imprint-and-privacy-policy\/#primaryimage\"},\"image\":{\"@id\":\"https:\/\/imperialtours.at\/en\/imprint-and-privacy-policy\/#primaryimage\"},\"thumbnailUrl\":\"https:\/\/imperialtours.at\/wp-content\/uploads\/2020\/05\/thumbnail_WKO-Button-Webseite.png\",\"datePublished\":\"2020-06-16T13:47:37+00:00\",\"breadcrumb\":{\"@id\":\"https:\/\/imperialtours.at\/en\/imprint-and-privacy-policy\/#breadcrumb\"},\"inLanguage\":\"en-US\",\"potentialAction\":[{\"@type\":\"ReadAction\",\"target\":[\"https:\/\/imperialtours.at\/en\/imprint-and-privacy-policy\/\"]}]},{\"@type\":\"ImageObject\",\"inLanguage\":\"en-US\",\"@id\":\"https:\/\/imperialtours.at\/en\/imprint-and-privacy-policy\/#primaryimage\",\"url\":\"https:\/\/imperialtours.at\/wp-content\/uploads\/2020\/05\/thumbnail_WKO-Button-Webseite.png\",\"contentUrl\":\"https:\/\/imperialtours.at\/wp-content\/uploads\/2020\/05\/thumbnail_WKO-Button-Webseite.png\"},{\"@type\":\"BreadcrumbList\",\"@id\":\"https:\/\/imperialtours.at\/en\/imprint-and-privacy-policy\/#breadcrumb\",\"itemListElement\":[{\"@type\":\"ListItem\",\"position\":1,\"name\":\"Startseite\",\"item\":\"https:\/\/imperialtours.at\/en\/\"},{\"@type\":\"ListItem\",\"position\":2,\"name\":\"Imprint and Privacy policy\"}]},{\"@type\":\"WebSite\",\"@id\":\"https:\/\/imperialtours.at\/#website\",\"url\":\"https:\/\/imperialtours.at\/\",\"name\":\"Imperial Tours\",\"description\":\"Imperial Tours\",\"potentialAction\":[{\"@type\":\"SearchAction\",\"target\":{\"@type\":\"EntryPoint\",\"urlTemplate\":\"https:\/\/imperialtours.at\/?s={search_term_string}\"},\"query-input\":{\"@type\":\"PropertyValueSpecification\",\"valueRequired\":true,\"valueName\":\"search_term_string\"}}],\"inLanguage\":\"en-US\"}]}<\/script>\n<!-- \/ Yoast SEO plugin. -->","yoast_head_json":{"title":"Imprint and Privacy policy","robots":{"index":"index","follow":"follow","max-snippet":"max-snippet:-1","max-image-preview":"max-image-preview:large","max-video-preview":"max-video-preview:-1"},"canonical":"https:\/\/imperialtours.at\/en\/imprint-and-privacy-policy\/","og_locale":"en_US","og_type":"article","og_title":"Imprint and Privacy policy","og_description":"Imprint &amp; Privacy policy Imprint Imperial Tours &amp; Events Paul Tupy Schelleingasse 10\/2 A-1040 Wien Austria &nbsp; Datenschutz GEM\u00c4SS ART. 13 &amp; 14 DER DSGVO Rechtliche Informationen Wir m\u00f6chten Sie entsprechend unserer gesetzlichen Verpflichtung \u00fcber die Erhebung und Verwendung Ihrer personenbezogenen Daten informieren. Verantwortlicher Paul Tupy Schelleingasse 10\/2 A-1040 Wien Es ist kein Datenschutzbeauftragter bestellt, [...]","og_url":"https:\/\/imperialtours.at\/en\/imprint-and-privacy-policy\/","og_site_name":"Imperial Tours","og_image":[{"url":"https:\/\/imperialtours.at\/wp-content\/uploads\/2020\/05\/thumbnail_WKO-Button-Webseite.png","type":"","width":"","height":""}],"twitter_card":"summary_large_image","twitter_misc":{"Est. reading time":"8 minutes"},"schema":{"@context":"https:\/\/schema.org","@graph":[{"@type":"WebPage","@id":"https:\/\/imperialtours.at\/en\/imprint-and-privacy-policy\/","url":"https:\/\/imperialtours.at\/en\/imprint-and-privacy-policy\/","name":"Imprint and Privacy policy","isPartOf":{"@id":"https:\/\/imperialtours.at\/#website"},"primaryImageOfPage":{"@id":"https:\/\/imperialtours.at\/en\/imprint-and-privacy-policy\/#primaryimage"},"image":{"@id":"https:\/\/imperialtours.at\/en\/imprint-and-privacy-policy\/#primaryimage"},"thumbnailUrl":"https:\/\/imperialtours.at\/wp-content\/uploads\/2020\/05\/thumbnail_WKO-Button-Webseite.png","datePublished":"2020-06-16T13:47:37+00:00","breadcrumb":{"@id":"https:\/\/imperialtours.at\/en\/imprint-and-privacy-policy\/#breadcrumb"},"inLanguage":"en-US","potentialAction":[{"@type":"ReadAction","target":["https:\/\/imperialtours.at\/en\/imprint-and-privacy-policy\/"]}]},{"@type":"ImageObject","inLanguage":"en-US","@id":"https:\/\/imperialtours.at\/en\/imprint-and-privacy-policy\/#primaryimage","url":"https:\/\/imperialtours.at\/wp-content\/uploads\/2020\/05\/thumbnail_WKO-Button-Webseite.png","contentUrl":"https:\/\/imperialtours.at\/wp-content\/uploads\/2020\/05\/thumbnail_WKO-Button-Webseite.png"},{"@type":"BreadcrumbList","@id":"https:\/\/imperialtours.at\/en\/imprint-and-privacy-policy\/#breadcrumb","itemListElement":[{"@type":"ListItem","position":1,"name":"Startseite","item":"https:\/\/imperialtours.at\/en\/"},{"@type":"ListItem","position":2,"name":"Imprint and Privacy policy"}]},{"@type":"WebSite","@id":"https:\/\/imperialtours.at\/#website","url":"https:\/\/imperialtours.at\/","name":"Imperial Tours","description":"Imperial Tours","potentialAction":[{"@type":"SearchAction","target":{"@type":"EntryPoint","urlTemplate":"https:\/\/imperialtours.at\/?s={search_term_string}"},"query-input":{"@type":"PropertyValueSpecification","valueRequired":true,"valueName":"search_term_string"}}],"inLanguage":"en-US"}]}},"_links":{"self":[{"href":"https:\/\/imperialtours.at\/en\/wp-json\/wp\/v2\/pages\/4043","targetHints":{"allow":["GET"]}}],"collection":[{"href":"https:\/\/imperialtours.at\/en\/wp-json\/wp\/v2\/pages"}],"about":[{"href":"https:\/\/imperialtours.at\/en\/wp-json\/wp\/v2\/types\/page"}],"author":[{"embeddable":true,"href":"https:\/\/imperialtours.at\/en\/wp-json\/wp\/v2\/users\/1"}],"replies":[{"embeddable":true,"href":"https:\/\/imperialtours.at\/en\/wp-json\/wp\/v2\/comments?post=4043"}],"version-history":[{"count":1,"href":"https:\/\/imperialtours.at\/en\/wp-json\/wp\/v2\/pages\/4043\/revisions"}],"predecessor-version":[{"id":4044,"href":"https:\/\/imperialtours.at\/en\/wp-json\/wp\/v2\/pages\/4043\/revisions\/4044"}],"wp:attachment":[{"href":"https:\/\/imperialtours.at\/en\/wp-json\/wp\/v2\/media?parent=4043"}],"curies":[{"name":"wp","href":"https:\/\/api.w.org\/{rel}","templated":true}]}}